{"id":1887,"date":"2023-05-09T17:50:51","date_gmt":"2023-05-09T20:50:51","guid":{"rendered":"https:\/\/lsvip.com.br\/novoprojeto\/?page_id=1887"},"modified":"2023-05-09T17:51:14","modified_gmt":"2023-05-09T20:51:14","slug":"reconhecimento-de-grau","status":"publish","type":"page","link":"http:\/\/lsvip.com.br\/novoprojeto\/reconhecimento-de-grau\/","title":{"rendered":"Reconhecimento de Grau"},"content":{"rendered":"\t\t<div data-elementor-type=\"wp-page\" data-elementor-id=\"1887\" class=\"elementor elementor-1887\">\n\t\t\t\t\t\t\t\t\t<section class=\"has_eae_slider elementor-section elementor-top-section elementor-element elementor-element-d91ff06 elementor-section-boxed elementor-section-height-default elementor-section-height-default wpr-particle-no wpr-jarallax-no wpr-parallax-no wpr-sticky-section-no\" data-id=\"d91ff06\" data-element_type=\"section\" data-settings=\"{&quot;_ha_eqh_enable&quot;:false}\">\n\t\t\t\t\t\t<div class=\"elementor-container elementor-column-gap-default\">\n\t\t\t\t\t<div class=\"has_eae_slider elementor-column elementor-col-50 elementor-top-column elementor-element elementor-element-7139f66\" data-id=\"7139f66\" data-element_type=\"column\">\n\t\t\t<div class=\"elementor-widget-wrap elementor-element-populated\">\n\t\t\t\t\t\t\t\t<div class=\"elementor-element elementor-element-fe26e41 elementor-grid-eael-col-2 elementor-grid-tablet-eael-col-2 elementor-grid-mobile-eael-col-1 elementor-widget elementor-widget-eael-post-grid\" data-id=\"fe26e41\" data-element_type=\"widget\" data-settings=\"{&quot;eael_post_grid_columns&quot;:&quot;eael-col-2&quot;,&quot;eael_post_grid_columns_tablet&quot;:&quot;eael-col-2&quot;,&quot;eael_post_grid_columns_mobile&quot;:&quot;eael-col-1&quot;}\" data-widget_type=\"eael-post-grid.default\">\n\t\t\t\t<div class=\"elementor-widget-container\">\n\t\t\t<div id=\"eael-post-grid-fe26e41\" class=\"eael-post-grid-container\">\n            <div class=\"eael-post-grid eael-post-appender eael-post-appender-fe26e41 eael-post-grid-style-default\" data-layout-mode=\"masonry\"><article class=\"eael-grid-post eael-post-grid-column\" data-id=\"1884\">\n        <div class=\"eael-grid-post-holder\">\n            <div class=\"eael-grid-post-holder-inner\"><div class=\"eael-entry-media\"><div class=\"eael-entry-overlay slide-up\"><i class=\"fas fa-search-plus\" aria-hidden=\"true\"><\/i><a href=\"http:\/\/lsvip.com.br\/novoprojeto\/2023\/05\/09\/reconhecimento-de-grau-em-portugal\/\"><\/a><\/div><div class=\"eael-entry-thumbnail eael-image-ratio\">\n                <img width=\"746\" height=\"482\" src=\"http:\/\/lsvip.com.br\/novoprojeto\/wp-content\/uploads\/2023\/05\/Imagem-destaque-reconhecimento-grau-servicos.png\" class=\"attachment-full size-full wp-image-1885\" alt=\"\" loading=\"lazy\" srcset=\"http:\/\/lsvip.com.br\/novoprojeto\/wp-content\/uploads\/2023\/05\/Imagem-destaque-reconhecimento-grau-servicos.png 746w, http:\/\/lsvip.com.br\/novoprojeto\/wp-content\/uploads\/2023\/05\/Imagem-destaque-reconhecimento-grau-servicos-300x194.png 300w\" sizes=\"(max-width: 746px) 100vw, 746px\" \/>\n            <\/div>\n        <\/div><div class=\"eael-entry-wrapper\"><header class=\"eael-entry-header\"><h2 class=\"eael-entry-title\"><a\n                        class=\"eael-grid-post-link\"\n                        href=\"http:\/\/lsvip.com.br\/novoprojeto\/2023\/05\/09\/reconhecimento-de-grau-em-portugal\/\"\n                        title=\"RECONHECIMENTO DE GRAU EM PORTUGAL\">RECONHECIMENTO DE GRAU EM PORTUGAL<\/a><\/h2><\/header><div class=\"eael-entry-header-after\"><div class=\"eael-entry-meta\"><span class=\"eael-posted-by\"><a href=\"http:\/\/lsvip.com.br\/novoprojeto\/author\/novoprojeto_admin\/\" title=\"Posts de novoprojeto_admin\" rel=\"author\">novoprojeto_admin<\/a><\/span><span class=\"eael-posted-on\"><time datetime=\"9 de maio de 2023\">9 de maio de 2023<\/time><\/span><\/div><\/div><div class=\"eael-entry-content\">\n                        <div class=\"eael-grid-post-excerpt\"><p>Uma das quest\u00f5es que mais impacta na decis\u00e3o de morar em Portugal \u00e9 a vida profissional e, por isto,...<\/p><\/div>\n                    <\/div><\/div><\/div>\n        <\/div>\n    <\/article><\/div>\n            <div class=\"clearfix\"><\/div>\n        <\/div>\t\t<\/div>\n\t\t\t\t<\/div>\n\t\t\t\t\t<\/div>\n\t\t<\/div>\n\t\t\t\t<div class=\"has_eae_slider elementor-column elementor-col-50 elementor-top-column elementor-element elementor-element-1ed24a1\" data-id=\"1ed24a1\" data-element_type=\"column\">\n\t\t\t<div class=\"elementor-widget-wrap elementor-element-populated\">\n\t\t\t\t\t\t\t\t<section class=\"has_eae_slider elementor-section elementor-inner-section elementor-element elementor-element-646a467 elementor-section-boxed elementor-section-height-default elementor-section-height-default wpr-particle-no wpr-jarallax-no wpr-parallax-no wpr-sticky-section-no\" data-id=\"646a467\" data-element_type=\"section\" data-settings=\"{&quot;_ha_eqh_enable&quot;:false}\">\n\t\t\t\t\t\t<div class=\"elementor-container elementor-column-gap-default\">\n\t\t\t\t\t<div class=\"has_eae_slider elementor-column elementor-col-100 elementor-inner-column elementor-element elementor-element-697b96b\" data-id=\"697b96b\" data-element_type=\"column\" data-settings=\"{&quot;background_background&quot;:&quot;classic&quot;}\">\n\t\t\t<div class=\"elementor-widget-wrap elementor-element-populated\">\n\t\t\t\t\t\t\t\t<div class=\"elementor-element elementor-element-2c6bbaf elementor-widget elementor-widget-heading\" data-id=\"2c6bbaf\" data-element_type=\"widget\" data-widget_type=\"heading.default\">\n\t\t\t\t<div class=\"elementor-widget-container\">\n\t\t\t<style>\/*! elementor - v3.13.0 - 08-05-2023 *\/\n.elementor-heading-title{padding:0;margin:0;line-height:1}.elementor-widget-heading .elementor-heading-title[class*=elementor-size-]>a{color:inherit;font-size:inherit;line-height:inherit}.elementor-widget-heading .elementor-heading-title.elementor-size-small{font-size:15px}.elementor-widget-heading .elementor-heading-title.elementor-size-medium{font-size:19px}.elementor-widget-heading .elementor-heading-title.elementor-size-large{font-size:29px}.elementor-widget-heading .elementor-heading-title.elementor-size-xl{font-size:39px}.elementor-widget-heading .elementor-heading-title.elementor-size-xxl{font-size:59px}<\/style><h2 class=\"elementor-heading-title elementor-size-default\">PUBLICIDADE<\/h2>\t\t<\/div>\n\t\t\t\t<\/div>\n\t\t\t\t\t<\/div>\n\t\t<\/div>\n\t\t\t\t\t\t\t<\/div>\n\t\t<\/section>\n\t\t\t\t<div class=\"elementor-element elementor-element-7b6c10c elementor-widget elementor-widget-video\" data-id=\"7b6c10c\" data-element_type=\"widget\" data-settings=\"{&quot;video_type&quot;:&quot;vimeo&quot;}\" data-widget_type=\"video.default\">\n\t\t\t\t<div class=\"elementor-widget-container\">\n\t\t\t<style>\/*! elementor - v3.13.0 - 08-05-2023 *\/\n.elementor-widget-video .elementor-widget-container{overflow:hidden;transform:translateZ(0)}.elementor-widget-video .elementor-wrapper{aspect-ratio:var(--video-aspect-ratio)}.elementor-widget-video .elementor-wrapper iframe,.elementor-widget-video .elementor-wrapper video{height:100%;width:100%;display:flex;border:none;background-color:#000}@supports not (aspect-ratio:1\/1){.elementor-widget-video .elementor-wrapper{position:relative;overflow:hidden;height:0;padding-bottom:calc(100% \/ var(--video-aspect-ratio))}.elementor-widget-video .elementor-wrapper iframe,.elementor-widget-video .elementor-wrapper video{position:absolute;top:0;right:0;bottom:0;left:0}}.elementor-widget-video .elementor-open-inline .elementor-custom-embed-image-overlay{position:absolute;top:0;left:0;width:100%;height:100%;background-size:cover;background-position:50%}.elementor-widget-video .elementor-custom-embed-image-overlay{cursor:pointer;text-align:center}.elementor-widget-video .elementor-custom-embed-image-overlay:hover .elementor-custom-embed-play i{opacity:1}.elementor-widget-video .elementor-custom-embed-image-overlay img{display:block;width:100%}.elementor-widget-video .e-hosted-video .elementor-video{-o-object-fit:cover;object-fit:cover}.e-con-inner>.elementor-widget-video,.e-con>.elementor-widget-video{width:var(--container-widget-width);--flex-grow:var(--container-widget-flex-grow)}<\/style>\t\t<div class=\"elementor-wrapper elementor-open-inline\">\n\t\t\t<iframe class=\"elementor-video-iframe\" allowfullscreen title=\"Player de V\u00eddeo vimeo\" src=\"https:\/\/player.vimeo.com\/video\/436956414?color&amp;autopause=0&amp;loop=0&amp;muted=0&amp;title=0&amp;portrait=1&amp;byline=0#t=\"><\/iframe>\t\t<\/div>\n\t\t\t\t<\/div>\n\t\t\t\t<\/div>\n\t\t\t\t<div class=\"elementor-element elementor-element-c588ed0 elementor-widget elementor-widget-image\" data-id=\"c588ed0\" data-element_type=\"widget\" data-widget_type=\"image.default\">\n\t\t\t\t<div class=\"elementor-widget-container\">\n\t\t\t<style>\/*! elementor - v3.13.0 - 08-05-2023 *\/\n.elementor-widget-image{text-align:center}.elementor-widget-image a{display:inline-block}.elementor-widget-image a img[src$=\".svg\"]{width:48px}.elementor-widget-image img{vertical-align:middle;display:inline-block}<\/style>\t\t\t\t\t\t\t\t\t\t\t\t<img width=\"300\" height=\"250\" src=\"http:\/\/lsvip.com.br\/novoprojeto\/wp-content\/uploads\/2023\/05\/banner_portugal_300x250.png\" class=\"attachment-large size-large wp-image-1822\" alt=\"\" loading=\"lazy\" \/>\t\t\t\t\t\t\t\t\t\t\t\t\t\t\t<\/div>\n\t\t\t\t<\/div>\n\t\t\t\t<section class=\"has_eae_slider elementor-section elementor-inner-section elementor-element elementor-element-10ebcda elementor-section-boxed elementor-section-height-default elementor-section-height-default wpr-particle-no wpr-jarallax-no wpr-parallax-no wpr-sticky-section-no\" data-id=\"10ebcda\" data-element_type=\"section\" data-settings=\"{&quot;_ha_eqh_enable&quot;:false}\">\n\t\t\t\t\t\t<div class=\"elementor-container elementor-column-gap-default\">\n\t\t\t\t\t<div class=\"has_eae_slider elementor-column elementor-col-100 elementor-inner-column elementor-element elementor-element-1390e82\" data-id=\"1390e82\" data-element_type=\"column\" data-settings=\"{&quot;background_background&quot;:&quot;classic&quot;}\">\n\t\t\t<div class=\"elementor-widget-wrap elementor-element-populated\">\n\t\t\t\t\t\t\t\t<div class=\"elementor-element elementor-element-4c0ff09 elementor-widget elementor-widget-heading\" data-id=\"4c0ff09\" data-element_type=\"widget\" data-widget_type=\"heading.default\">\n\t\t\t\t<div class=\"elementor-widget-container\">\n\t\t\t<h2 class=\"elementor-heading-title elementor-size-default\">NOT\u00cdCIAS RECENTES<\/h2>\t\t<\/div>\n\t\t\t\t<\/div>\n\t\t\t\t\t<\/div>\n\t\t<\/div>\n\t\t\t\t\t\t\t<\/div>\n\t\t<\/section>\n\t\t\t\t<div class=\"elementor-element elementor-element-adf4cf5 elementor-widget elementor-widget-htmega-postslider-addons\" data-id=\"adf4cf5\" data-element_type=\"widget\" data-settings=\"{&quot;slider_post_type&quot;:&quot;post&quot;}\" data-widget_type=\"htmega-postslider-addons.default\">\n\t\t\t\t<div class=\"elementor-widget-container\">\n\t\t\t            <div class=\"htmega-postslider-area htmega-postslider-style-7 -st-layout-4 htmega-carousel-activation htmega-arrow-1\" dir=\"ltr\" data-settings=\"{&quot;arrows&quot;:true,&quot;arrow_prev_txt&quot;:&quot;&lt;i aria-hidden=\\&quot;true\\&quot; class=\\&quot;fas fa-angle-left\\&quot;&gt;&lt;\\\/i&gt;&quot;,&quot;arrow_next_txt&quot;:&quot;&lt;i aria-hidden=\\&quot;true\\&quot; class=\\&quot;fas fa-angle-right\\&quot;&gt;&lt;\\\/i&gt;&quot;,&quot;dots&quot;:false,&quot;autoplay&quot;:true,&quot;autoplay_speed&quot;:3000,&quot;animation_speed&quot;:300,&quot;pause_on_hover&quot;:true,&quot;center_mode&quot;:false,&quot;center_padding&quot;:0,&quot;carousel_style_ck&quot;:7,&quot;display_columns&quot;:1,&quot;scroll_columns&quot;:1,&quot;tablet_width&quot;:750,&quot;tablet_display_columns&quot;:1,&quot;tablet_scroll_columns&quot;:1,&quot;mobile_width&quot;:480,&quot;mobile_display_columns&quot;:1,&quot;mobile_scroll_columns&quot;:1}\" style='display:none;'>\n\n                                    <div class=\"htmega-data-title htmega-single-post-slide htmega-postslider-layout-7 -st-layout-4\" data-title=\"COMO EMITIR OS DOCUMENTOS PORTUGUESES PARA MORAR EM PORTUGAL?\" data-thumbnail=\"\" >\n\n                                                    \n                                <div class=\"htmega-post-slider-st-6  htmega-post-slider-st-7\">\n                                    <div class=\"htmega-post-slider-left\">\n                                        <div class=\"thumb\">\n                                            <a href=\"http:\/\/lsvip.com.br\/novoprojeto\/2023\/05\/07\/como-emitir-os-documentos-portugueses-para-morar-em-portugal\/\"><img width=\"802\" height=\"420\" src=\"http:\/\/lsvip.com.br\/novoprojeto\/wp-content\/uploads\/2023\/05\/Documentos-para-morar-em-Portugal-802x420-1.png\" class=\"attachment-full size-full wp-post-image\" alt=\"\" loading=\"lazy\" srcset=\"http:\/\/lsvip.com.br\/novoprojeto\/wp-content\/uploads\/2023\/05\/Documentos-para-morar-em-Portugal-802x420-1.png 802w, http:\/\/lsvip.com.br\/novoprojeto\/wp-content\/uploads\/2023\/05\/Documentos-para-morar-em-Portugal-802x420-1-300x157.png 300w, http:\/\/lsvip.com.br\/novoprojeto\/wp-content\/uploads\/2023\/05\/Documentos-para-morar-em-Portugal-802x420-1-768x402.png 768w, http:\/\/lsvip.com.br\/novoprojeto\/wp-content\/uploads\/2023\/05\/Documentos-para-morar-em-Portugal-802x420-1-390x205.png 390w, http:\/\/lsvip.com.br\/novoprojeto\/wp-content\/uploads\/2023\/05\/Documentos-para-morar-em-Portugal-802x420-1-800x420.png 800w\" sizes=\"(max-width: 802px) 100vw, 802px\" \/><\/a>\n                                        <\/div>\n                                    <\/div>\n                                    <div class=\"htmega-post-slider-right\">\n                                                    <div class=\"content\">\n                <div class=\"post-inner\">\n                                                                <h2><a href=\"http:\/\/lsvip.com.br\/novoprojeto\/2023\/05\/07\/como-emitir-os-documentos-portugueses-para-morar-em-portugal\/\">COMO EMITIR OS DOCUMENTOS PORTUGUESES PARA MORAR EM PORTUGAL?<\/a><\/h2>\n                                                        <\/div>\n            <\/div>\n                                            <\/div>\n                                <\/div>\n                            \n                    <\/div>\n\n                                    <div class=\"htmega-data-title htmega-single-post-slide htmega-postslider-layout-7 -st-layout-4\" data-title=\"QUEM TEM DIREITO \u00c0 NACIONALIDADE PORTUGUESA?\" data-thumbnail=\"\" >\n\n                                                    \n                                <div class=\"htmega-post-slider-st-6  htmega-post-slider-st-7\">\n                                    <div class=\"htmega-post-slider-left\">\n                                        <div class=\"thumb\">\n                                            <a href=\"http:\/\/lsvip.com.br\/novoprojeto\/2023\/05\/07\/quem-tem-direito-a-nacionalidade-portuguesa\/\"><img width=\"1000\" height=\"667\" src=\"http:\/\/lsvip.com.br\/novoprojeto\/wp-content\/uploads\/2023\/05\/9.png\" class=\"attachment-full size-full wp-post-image\" alt=\"\" loading=\"lazy\" srcset=\"http:\/\/lsvip.com.br\/novoprojeto\/wp-content\/uploads\/2023\/05\/9.png 1000w, http:\/\/lsvip.com.br\/novoprojeto\/wp-content\/uploads\/2023\/05\/9-300x200.png 300w, http:\/\/lsvip.com.br\/novoprojeto\/wp-content\/uploads\/2023\/05\/9-768x512.png 768w\" sizes=\"(max-width: 1000px) 100vw, 1000px\" \/><\/a>\n                                        <\/div>\n                                    <\/div>\n                                    <div class=\"htmega-post-slider-right\">\n                                                    <div class=\"content\">\n                <div class=\"post-inner\">\n                                                                <h2><a href=\"http:\/\/lsvip.com.br\/novoprojeto\/2023\/05\/07\/quem-tem-direito-a-nacionalidade-portuguesa\/\">QUEM TEM DIREITO \u00c0 NACIONALIDADE PORTUGUESA?<\/a><\/h2>\n                                                        <\/div>\n            <\/div>\n                                            <\/div>\n                                <\/div>\n                            \n                    <\/div>\n\n                                    <div class=\"htmega-data-title htmega-single-post-slide htmega-postslider-layout-7 -st-layout-4\" data-title=\"COMO PEDIR O REAGRUPAMENTO FAMILIAR EM PORTUGAL?\" data-thumbnail=\"\" >\n\n                                                    \n                                <div class=\"htmega-post-slider-st-6  htmega-post-slider-st-7\">\n                                    <div class=\"htmega-post-slider-left\">\n                                        <div class=\"thumb\">\n                                            <a href=\"http:\/\/lsvip.com.br\/novoprojeto\/2023\/05\/02\/como-pedir-o-reagrupamento-familiar-em-portugal\/\"><img width=\"803\" height=\"420\" src=\"http:\/\/lsvip.com.br\/novoprojeto\/wp-content\/uploads\/2023\/05\/Pedir-reagrupamento-familiar-Portugal-2-803x420-1.png\" class=\"attachment-full size-full wp-post-image\" alt=\"\" loading=\"lazy\" srcset=\"http:\/\/lsvip.com.br\/novoprojeto\/wp-content\/uploads\/2023\/05\/Pedir-reagrupamento-familiar-Portugal-2-803x420-1.png 803w, http:\/\/lsvip.com.br\/novoprojeto\/wp-content\/uploads\/2023\/05\/Pedir-reagrupamento-familiar-Portugal-2-803x420-1-300x157.png 300w, http:\/\/lsvip.com.br\/novoprojeto\/wp-content\/uploads\/2023\/05\/Pedir-reagrupamento-familiar-Portugal-2-803x420-1-768x402.png 768w, http:\/\/lsvip.com.br\/novoprojeto\/wp-content\/uploads\/2023\/05\/Pedir-reagrupamento-familiar-Portugal-2-803x420-1-390x205.png 390w\" sizes=\"(max-width: 803px) 100vw, 803px\" \/><\/a>\n                                        <\/div>\n                                    <\/div>\n                                    <div class=\"htmega-post-slider-right\">\n                                                    <div class=\"content\">\n                <div class=\"post-inner\">\n                                                                <h2><a href=\"http:\/\/lsvip.com.br\/novoprojeto\/2023\/05\/02\/como-pedir-o-reagrupamento-familiar-em-portugal\/\">COMO PEDIR O REAGRUPAMENTO FAMILIAR EM PORTUGAL?<\/a><\/h2>\n                                                        <\/div>\n            <\/div>\n                                            <\/div>\n                                <\/div>\n                            \n                    <\/div>\n\n                \n            <\/div>\n        \t\t<\/div>\n\t\t\t\t<\/div>\n\t\t\t\t<section class=\"has_eae_slider elementor-section elementor-inner-section elementor-element elementor-element-595a15d elementor-section-boxed elementor-section-height-default elementor-section-height-default wpr-particle-no wpr-jarallax-no wpr-parallax-no wpr-sticky-section-no\" data-id=\"595a15d\" data-element_type=\"section\" data-settings=\"{&quot;_ha_eqh_enable&quot;:false}\">\n\t\t\t\t\t\t<div class=\"elementor-container elementor-column-gap-default\">\n\t\t\t\t\t<div class=\"has_eae_slider elementor-column elementor-col-100 elementor-inner-column elementor-element elementor-element-1bbd2c2\" data-id=\"1bbd2c2\" data-element_type=\"column\" data-settings=\"{&quot;background_background&quot;:&quot;classic&quot;}\">\n\t\t\t<div class=\"elementor-widget-wrap elementor-element-populated\">\n\t\t\t\t\t\t\t\t<div class=\"elementor-element elementor-element-149cb4a elementor-widget elementor-widget-heading\" data-id=\"149cb4a\" data-element_type=\"widget\" data-widget_type=\"heading.default\">\n\t\t\t\t<div class=\"elementor-widget-container\">\n\t\t\t<h2 class=\"elementor-heading-title elementor-size-default\">SAIBA O QUE ACONTECE POR AQUI<\/h2>\t\t<\/div>\n\t\t\t\t<\/div>\n\t\t\t\t\t<\/div>\n\t\t<\/div>\n\t\t\t\t\t\t\t<\/div>\n\t\t<\/section>\n\t\t\t\t<section class=\"has_eae_slider elementor-section elementor-inner-section elementor-element elementor-element-f1ca86d elementor-section-boxed elementor-section-height-default elementor-section-height-default wpr-particle-no wpr-jarallax-no wpr-parallax-no wpr-sticky-section-no\" data-id=\"f1ca86d\" data-element_type=\"section\" data-settings=\"{&quot;_ha_eqh_enable&quot;:false}\">\n\t\t\t\t\t\t<div class=\"elementor-container elementor-column-gap-default\">\n\t\t\t\t\t<div class=\"has_eae_slider elementor-column elementor-col-100 elementor-inner-column elementor-element elementor-element-85dd6a6\" data-id=\"85dd6a6\" data-element_type=\"column\">\n\t\t\t<div class=\"elementor-widget-wrap elementor-element-populated\">\n\t\t\t\t\t\t\t\t<div class=\"elementor-element elementor-element-2635fd5 eael-wpforms-labels-yes eael-wpforms-form-button-custom elementor-widget elementor-widget-eael-wpforms\" data-id=\"2635fd5\" data-element_type=\"widget\" data-widget_type=\"eael-wpforms.default\">\n\t\t\t\t<div class=\"elementor-widget-container\">\n\t\t\t            <div class=\"eael-contact-form eael-wpforms placeholder-hide eael-contact-form-align-center\">\n                                <div class=\"wpforms-container wpforms-container-full wpforms-render-modern\" id=\"wpforms-1841\"><form id=\"wpforms-form-1841\" class=\"wpforms-validate wpforms-form wpforms-ajax-form\" data-formid=\"1841\" method=\"post\" enctype=\"multipart\/form-data\" action=\"\/novoprojeto\/wp-json\/wp\/v2\/pages\/1887\" data-token=\"9644de188ec56535d24e41325cff0e81\"><noscript class=\"wpforms-error-noscript\">Ative o JavaScript no seu navegador para preencher este formul\u00e1rio.<\/noscript><div class=\"wpforms-hidden\" id=\"wpforms-error-noscript\">Ative o JavaScript no seu navegador para preencher este formul\u00e1rio.<\/div><div class=\"wpforms-field-container\"><div id=\"wpforms-1841-field_2-container\" class=\"wpforms-field wpforms-field-email\" data-field-id=\"2\"><label class=\"wpforms-field-label\" for=\"wpforms-1841-field_2\">Digite o seu e-mail <span class=\"wpforms-required-label\" aria-hidden=\"true\">*<\/span><\/label><input type=\"email\" id=\"wpforms-1841-field_2\" class=\"wpforms-field-medium wpforms-field-required\" name=\"wpforms[fields][2]\" spellcheck=\"false\" aria-errormessage=\"wpforms-1841-field_2-error\" required><\/div><\/div><!-- .wpforms-field-container --><div class=\"wpforms-submit-container\" ><input type=\"hidden\" name=\"wpforms[id]\" value=\"1841\"><input type=\"hidden\" name=\"wpforms[author]\" value=\"1\"><button type=\"submit\" name=\"wpforms[submit]\" id=\"wpforms-submit-1841\" class=\"wpforms-submit\" data-alt-text=\"Sending...\" data-submit-text=\"Assinar\" aria-live=\"assertive\" value=\"wpforms-submit\">Assinar<\/button><img loading=\"lazy\" src=\"http:\/\/lsvip.com.br\/novoprojeto\/wp-content\/plugins\/wpforms-lite\/assets\/images\/submit-spin.svg\" class=\"wpforms-submit-spinner\" style=\"display: none;\" width=\"26\" height=\"26\" alt=\"A Carregar\"><\/div><\/form><\/div>  <!-- .wpforms-container -->            <\/div>\n\t\t<\/div>\n\t\t\t\t<\/div>\n\t\t\t\t\t<\/div>\n\t\t<\/div>\n\t\t\t\t\t\t\t<\/div>\n\t\t<\/section>\n\t\t\t\t\t<\/div>\n\t\t<\/div>\n\t\t\t\t\t\t\t<\/div>\n\t\t<\/section>\n\t\t\t\t\t\t\t<\/div>\n\t\t","protected":false},"excerpt":{"rendered":"<p>RECONHECIMENTO DE GRAU EM PORTUGAL novoprojeto_admin9 de maio de 2023 Uma das quest\u00f5es que mais impacta na decis\u00e3o de morar<\/p>\n","protected":false},"author":1,"featured_media":0,"parent":0,"menu_order":0,"comment_status":"closed","ping_status":"closed","template":"page-templates\/page-builder.php","meta":[],"_links":{"self":[{"href":"http:\/\/lsvip.com.br\/novoprojeto\/wp-json\/wp\/v2\/pages\/1887"}],"collection":[{"href":"http:\/\/lsvip.com.br\/novoprojeto\/wp-json\/wp\/v2\/pages"}],"about":[{"href":"http:\/\/lsvip.com.br\/novoprojeto\/wp-json\/wp\/v2\/types\/page"}],"author":[{"embeddable":true,"href":"http:\/\/lsvip.com.br\/novoprojeto\/wp-json\/wp\/v2\/users\/1"}],"replies":[{"embeddable":true,"href":"http:\/\/lsvip.com.br\/novoprojeto\/wp-json\/wp\/v2\/comments?post=1887"}],"version-history":[{"count":4,"href":"http:\/\/lsvip.com.br\/novoprojeto\/wp-json\/wp\/v2\/pages\/1887\/revisions"}],"predecessor-version":[{"id":1891,"href":"http:\/\/lsvip.com.br\/novoprojeto\/wp-json\/wp\/v2\/pages\/1887\/revisions\/1891"}],"wp:attachment":[{"href":"http:\/\/lsvip.com.br\/novoprojeto\/wp-json\/wp\/v2\/media?parent=1887"}],"curies":[{"name":"wp","href":"https:\/\/api.w.org\/{rel}","templated":true}]}}